{"id":89,"date":"2023-04-24T17:30:05","date_gmt":"2023-04-24T17:30:05","guid":{"rendered":"http:\/\/localhost:8000\/wordpress%20Mariomartinezoficial\/?page_id=89"},"modified":"2025-02-10T15:40:05","modified_gmt":"2025-02-10T15:40:05","slug":"biografia","status":"publish","type":"page","link":"https:\/\/mariomartinezoficial.es\/index.php\/biografia\/","title":{"rendered":"Biografia"},"content":{"rendered":"\t\t<div data-elementor-type=\"wp-page\" data-elementor-id=\"89\" class=\"elementor elementor-89\">\n\t\t\t\t\t\t\t\t\t<section class=\"elementor-section elementor-top-section elementor-element elementor-element-854cc9d elementor-section-boxed elementor-section-height-default elementor-section-height-default\" data-id=\"854cc9d\" data-element_type=\"section\">\n\t\t\t\t\t\t<div class=\"elementor-container elementor-column-gap-default\">\n\t\t\t\t\t<div class=\"elementor-column elementor-col-100 elementor-top-column elementor-element elementor-element-26febc2\" data-id=\"26febc2\" data-element_type=\"column\">\n\t\t\t<div class=\"elementor-widget-wrap elementor-element-populated\">\n\t\t\t\t\t\t\t\t<section class=\"elementor-section elementor-inner-section elementor-element elementor-element-0cea594 elementor-section-boxed elementor-section-height-default elementor-section-height-default\" data-id=\"0cea594\" data-element_type=\"section\">\n\t\t\t\t\t\t<div class=\"elementor-container elementor-column-gap-default\">\n\t\t\t\t\t<div class=\"elementor-column elementor-col-50 elementor-inner-column elementor-element elementor-element-093f371\" data-id=\"093f371\" data-element_type=\"column\">\n\t\t\t<div class=\"elementor-widget-wrap elementor-element-populated\">\n\t\t\t\t\t\t\t\t<div class=\"elementor-element elementor-element-1e657a9 elementor-widget elementor-widget-text-editor\" data-id=\"1e657a9\" data-element_type=\"widget\" data-widget_type=\"text-editor.default\">\n\t\t\t\t<div class=\"elementor-widget-container\">\n\t\t\t<style>\/*! elementor - v3.12.2 - 23-04-2023 *\/\n.elementor-widget-text-editor.elementor-drop-cap-view-stacked .elementor-drop-cap{background-color:#69727d;color:#fff}.elementor-widget-text-editor.elementor-drop-cap-view-framed .elementor-drop-cap{color:#69727d;border:3px solid;background-color:transparent}.elementor-widget-text-editor:not(.elementor-drop-cap-view-default) .elementor-drop-cap{margin-top:8px}.elementor-widget-text-editor:not(.elementor-drop-cap-view-default) .elementor-drop-cap-letter{width:1em;height:1em}.elementor-widget-text-editor .elementor-drop-cap{float:left;text-align:center;line-height:1;font-size:50px}.elementor-widget-text-editor .elementor-drop-cap-letter{display:inline-block}<\/style>\t\t\t\t<p><span style=\"color: #ffffff;\">\u00a0<\/span><\/p><p><span style=\"color: #ffffff;\">\u00a0<\/span><\/p><p><span style=\"color: #ffffff;\">Mario Mart\u00ednez P\u00e9rez naci\u00f3 el 25 de mayo de 1984 en Tarazona, una ciudad de la provincia de Zaragoza, Espa\u00f1a. Hijo de Jos\u00e9 Manuel Mart\u00ednez, m\u00fasico de profesi\u00f3n, y de Laura P\u00e9rez. Es menor que sus tres hermanos Juan Carlos, Jos\u00e9 Ignacio y Laura, todos ellos relacionados con el mundo de la m\u00fasica.<\/span><\/p><div>\u00a0<\/div><div><span style=\"color: #ffffff;\">Tuvo una infancia envuelta en instrumentos y notas musicales. Aplicado alumno desde los 10 a\u00f1o en el Conservatorio de M\u00fasica, y a finales del a\u00f1o 2000, con tan s\u00f3lo 16 a\u00f1os, cumple uno de sus sue\u00f1os y entra como bater\u00eda en el grupo musical que ten\u00edan sus hermanos, Mikis Band.<\/span><\/div><div>\u00a0<\/div><div><span style=\"color: #ffffff;\">Casi por casualidad, en septiembre del 2003 fue elegido para ser uno de los participantes de la tercera edici\u00f3n de Operaci\u00f3n Triunfo. Tras tres meses en la academia, queda finalista del programa musical en quinta posici\u00f3n. S\u00f3lo los cuatro primeros finalistas tuvieron derecho a grabar un disco con la academia. No obstante, Mario no se dio por vencido.<\/span><\/div>\t\t\t\t\t\t<\/div>\n\t\t\t\t<\/div>\n\t\t\t\t\t<\/div>\n\t\t<\/div>\n\t\t\t\t<div class=\"elementor-column elementor-col-50 elementor-inner-column elementor-element elementor-element-16507ba\" data-id=\"16507ba\" data-element_type=\"column\">\n\t\t\t<div class=\"elementor-widget-wrap elementor-element-populated\">\n\t\t\t\t\t\t\t\t<div class=\"elementor-element elementor-element-87ccf51 elementor-widget elementor-widget-image\" data-id=\"87ccf51\" data-element_type=\"widget\" data-widget_type=\"image.default\">\n\t\t\t\t<div class=\"elementor-widget-container\">\n\t\t\t<style>\/*! elementor - v3.12.2 - 23-04-2023 *\/\n.elementor-widget-image{text-align:center}.elementor-widget-image a{display:inline-block}.elementor-widget-image a img[src$=\".svg\"]{width:48px}.elementor-widget-image img{vertical-align:middle;display:inline-block}<\/style>\t\t\t\t\t\t\t\t\t\t\t\t<img loading=\"lazy\" decoding=\"async\" width=\"684\" height=\"1024\" src=\"https:\/\/mariomartinezoficial.es\/wp-content\/uploads\/2023\/04\/JL76095_web-684x1024.jpg\" class=\"attachment-large size-large wp-image-91\" alt=\"Mario Mart\u00ednez foto de estudio\" srcset=\"https:\/\/mariomartinezoficial.es\/wp-content\/uploads\/2023\/04\/JL76095_web-684x1024.jpg 684w, https:\/\/mariomartinezoficial.es\/wp-content\/uploads\/2023\/04\/JL76095_web-200x300.jpg 200w, https:\/\/mariomartinezoficial.es\/wp-content\/uploads\/2023\/04\/JL76095_web-768x1151.jpg 768w, https:\/\/mariomartinezoficial.es\/wp-content\/uploads\/2023\/04\/JL76095_web-1025x1536.jpg 1025w, https:\/\/mariomartinezoficial.es\/wp-content\/uploads\/2023\/04\/JL76095_web.jpg 1367w\" sizes=\"auto, (max-width: 684px) 100vw, 684px\" \/>\t\t\t\t\t\t\t\t\t\t\t\t\t\t\t<\/div>\n\t\t\t\t<\/div>\n\t\t\t\t\t<\/div>\n\t\t<\/div>\n\t\t\t\t\t\t\t<\/div>\n\t\t<\/section>\n\t\t\t\t<section class=\"elementor-section elementor-inner-section elementor-element elementor-element-ae9fbae elementor-section-boxed elementor-section-height-default elementor-section-height-default\" data-id=\"ae9fbae\" data-element_type=\"section\">\n\t\t\t\t\t\t<div class=\"elementor-container elementor-column-gap-default\">\n\t\t\t\t\t<div class=\"elementor-column elementor-col-50 elementor-inner-column elementor-element elementor-element-faacd88\" data-id=\"faacd88\" data-element_type=\"column\">\n\t\t\t<div class=\"elementor-widget-wrap elementor-element-populated\">\n\t\t\t\t\t\t\t\t<div class=\"elementor-element elementor-element-cfdb174 elementor-widget elementor-widget-image\" data-id=\"cfdb174\" data-element_type=\"widget\" data-widget_type=\"image.default\">\n\t\t\t\t<div class=\"elementor-widget-container\">\n\t\t\t\t\t\t\t\t\t\t\t\t\t\t\t<img loading=\"lazy\" decoding=\"async\" width=\"684\" height=\"1024\" src=\"https:\/\/mariomartinezoficial.es\/wp-content\/uploads\/2023\/04\/JL76156_web-684x1024.jpg\" class=\"attachment-large size-large wp-image-95\" alt=\"Mario Mart\u00ednez con su guitarra\" srcset=\"https:\/\/mariomartinezoficial.es\/wp-content\/uploads\/2023\/04\/JL76156_web-684x1024.jpg 684w, https:\/\/mariomartinezoficial.es\/wp-content\/uploads\/2023\/04\/JL76156_web-200x300.jpg 200w, https:\/\/mariomartinezoficial.es\/wp-content\/uploads\/2023\/04\/JL76156_web-768x1151.jpg 768w, https:\/\/mariomartinezoficial.es\/wp-content\/uploads\/2023\/04\/JL76156_web-1025x1536.jpg 1025w, https:\/\/mariomartinezoficial.es\/wp-content\/uploads\/2023\/04\/JL76156_web.jpg 1367w\" sizes=\"auto, (max-width: 684px) 100vw, 684px\" \/>\t\t\t\t\t\t\t\t\t\t\t\t\t\t\t<\/div>\n\t\t\t\t<\/div>\n\t\t\t\t\t<\/div>\n\t\t<\/div>\n\t\t\t\t<div class=\"elementor-column elementor-col-50 elementor-inner-column elementor-element elementor-element-7d10369\" data-id=\"7d10369\" data-element_type=\"column\">\n\t\t\t<div class=\"elementor-widget-wrap elementor-element-populated\">\n\t\t\t\t\t\t\t\t<div class=\"elementor-element elementor-element-b93e652 elementor-widget elementor-widget-text-editor\" data-id=\"b93e652\" data-element_type=\"widget\" data-widget_type=\"text-editor.default\">\n\t\t\t\t<div class=\"elementor-widget-container\">\n\t\t\t\t\t\t\t<p><span style=\"color: #ffffff;\">\u00a0<\/span><span style=\"color: #ffffff; font-size: 1.125rem;\">Con 20 a\u00f1os se afinca en Madrid, ciudad en la que residen muchas de las bandas y artistas que \u00e9l sigue desde peque\u00f1o. En 2005 publica su primer disco en solitario producido por Paco Trinidad y arreglado por Paco Salazar y Daniel Serrano. Mario ya incluye temas propios que adem\u00e1s son los singles del LP sonando en Cadena 100 ,MTV, 40 principales&#8230;<\/span><\/p><div><span style=\"color: #ffffff;\">\u00a0<\/span><\/div><div><span style=\"color: #ffffff;\">INUIT (2009-2017) era el pr\u00f3ximo capitulo de Mario Mart\u00ednez. La banda la forma junto a tres compa\u00f1eros, m\u00fasicos profesionales, que conoce frecuentando garitos en la capital. Publican dos trabajos de estudio.<\/span><\/div><div><span style=\"color: #ffffff;\">\u00a0<\/span><\/div><div><span style=\"color: #ffffff;\">A su vez, Mario empieza a girar en festivales con artistas que admira y con los que comparte escenario como Manuel Espa\u00f1a (La Guardia), Javier Ojeda (Danza Invisible), Dylan Ferro (Mel\u00f3n Diesel-Taxi), Miguel Costas (Siniestro Total), Guaran\u00e1, Despistaos, Tenessee, Javier Andreu (La Frontera), S. Social, Los Secretos, Nacho Campillo (Tam tam Go)&#8230;\u00a0<\/span><\/div><div><span style=\"color: #ffffff;\">Tambi\u00e9n se hace cargo de sus propias producciones de conciertos con La Poptelera, banda con la que recorre a\u00f1o tras a\u00f1o todo el pa\u00eds liderando un directo impecable.<\/span><\/div><div><span style=\"color: #ffffff;\">Mario adquiere, gracias a su empe\u00f1o y dedicaci\u00f3n, una gran capacidad de interpretar, cantar, producir, organizar, tocar instrumentos y sobretodo una apabullante puesta en escena que hacer disfrutar al que recibe su energ\u00eda en directo.<\/span><\/div><div><span style=\"color: #ffffff;\">\u00a0<\/span><\/div><div><span style=\"color: #ffffff;\">En 2018 Mario Mart\u00ednez vuelve a afrontar un trabajo en solitario. Graba nuevos temas que ver\u00e1n la luz en Febrero de 2019, a\u00f1o en el que el m\u00fasico aragon\u00e9s quiere dar otro golpe en la mesa para quedarse en el panorama musical espa\u00f1ol para siempre.<\/span><\/div><div><span style=\"color: #ffffff;\">\u00a0<\/span><\/div><div><span style=\"color: #ffffff;\">En 2020, durante la pandemia, Mario publica \u00abLo que no sabes\u00bb. Una canci\u00f3n producida totalmente online con los diferentes m\u00fasico en sus casas, con la producci\u00f3n musical de Hector Nav\u00edo.<\/span><\/div><div><span style=\"color: #ffffff;\">\u00a0<\/span><\/div><div><span style=\"color: #ffffff;\">En mayo de 2021 nos presenta un nuevo sencillo, \u00abExiste un lugar\u00bb. Mezclado y masterizado en el estudio con Santi Fernandez, bater\u00eda de Los Secretos.<\/span><\/div>\t\t\t\t\t\t<\/div>\n\t\t\t\t<\/div>\n\t\t\t\t\t<\/div>\n\t\t<\/div>\n\t\t\t\t\t\t\t<\/div>\n\t\t<\/section>\n\t\t\t\t\t<\/div>\n\t\t<\/div>\n\t\t\t\t\t\t\t<\/div>\n\t\t<\/section>\n\t\t\t\t<section class=\"elementor-section elementor-top-section elementor-element elementor-element-380847e elementor-section-boxed elementor-section-height-default elementor-section-height-default\" data-id=\"380847e\" data-element_type=\"section\">\n\t\t\t\t\t\t<div class=\"elementor-container elementor-column-gap-default\">\n\t\t\t\t\t<div class=\"elementor-column elementor-col-100 elementor-top-column elementor-element elementor-element-a819320\" data-id=\"a819320\" data-element_type=\"column\">\n\t\t\t<div class=\"elementor-widget-wrap elementor-element-populated\">\n\t\t\t\t\t\t\t\t<div class=\"elementor-element elementor-element-f93132d elementor-shape-rounded elementor-grid-0 e-grid-align-center elementor-widget elementor-widget-social-icons\" data-id=\"f93132d\" data-element_type=\"widget\" data-widget_type=\"social-icons.default\">\n\t\t\t\t<div class=\"elementor-widget-container\">\n\t\t\t<style>\/*! elementor - v3.12.2 - 23-04-2023 *\/\n.elementor-widget-social-icons.elementor-grid-0 .elementor-widget-container,.elementor-widget-social-icons.elementor-grid-mobile-0 .elementor-widget-container,.elementor-widget-social-icons.elementor-grid-tablet-0 .elementor-widget-container{line-height:1;font-size:0}.elementor-widget-social-icons:not(.elementor-grid-0):not(.elementor-grid-tablet-0):not(.elementor-grid-mobile-0) .elementor-grid{display:inline-grid}.elementor-widget-social-icons .elementor-grid{grid-column-gap:var(--grid-column-gap,5px);grid-row-gap:var(--grid-row-gap,5px);grid-template-columns:var(--grid-template-columns);justify-content:var(--justify-content,center);justify-items:var(--justify-content,center)}.elementor-icon.elementor-social-icon{font-size:var(--icon-size,25px);line-height:var(--icon-size,25px);width:calc(var(--icon-size, 25px) + (2 * var(--icon-padding, .5em)));height:calc(var(--icon-size, 25px) + (2 * var(--icon-padding, .5em)))}.elementor-social-icon{--e-social-icon-icon-color:#fff;display:inline-flex;background-color:#69727d;align-items:center;justify-content:center;text-align:center;cursor:pointer}.elementor-social-icon i{color:var(--e-social-icon-icon-color)}.elementor-social-icon svg{fill:var(--e-social-icon-icon-color)}.elementor-social-icon:last-child{margin:0}.elementor-social-icon:hover{opacity:.9;color:#fff}.elementor-social-icon-android{background-color:#a4c639}.elementor-social-icon-apple{background-color:#999}.elementor-social-icon-behance{background-color:#1769ff}.elementor-social-icon-bitbucket{background-color:#205081}.elementor-social-icon-codepen{background-color:#000}.elementor-social-icon-delicious{background-color:#39f}.elementor-social-icon-deviantart{background-color:#05cc47}.elementor-social-icon-digg{background-color:#005be2}.elementor-social-icon-dribbble{background-color:#ea4c89}.elementor-social-icon-elementor{background-color:#d30c5c}.elementor-social-icon-envelope{background-color:#ea4335}.elementor-social-icon-facebook,.elementor-social-icon-facebook-f{background-color:#3b5998}.elementor-social-icon-flickr{background-color:#0063dc}.elementor-social-icon-foursquare{background-color:#2d5be3}.elementor-social-icon-free-code-camp,.elementor-social-icon-freecodecamp{background-color:#006400}.elementor-social-icon-github{background-color:#333}.elementor-social-icon-gitlab{background-color:#e24329}.elementor-social-icon-globe{background-color:#69727d}.elementor-social-icon-google-plus,.elementor-social-icon-google-plus-g{background-color:#dd4b39}.elementor-social-icon-houzz{background-color:#7ac142}.elementor-social-icon-instagram{background-color:#262626}.elementor-social-icon-jsfiddle{background-color:#487aa2}.elementor-social-icon-link{background-color:#818a91}.elementor-social-icon-linkedin,.elementor-social-icon-linkedin-in{background-color:#0077b5}.elementor-social-icon-medium{background-color:#00ab6b}.elementor-social-icon-meetup{background-color:#ec1c40}.elementor-social-icon-mixcloud{background-color:#273a4b}.elementor-social-icon-odnoklassniki{background-color:#f4731c}.elementor-social-icon-pinterest{background-color:#bd081c}.elementor-social-icon-product-hunt{background-color:#da552f}.elementor-social-icon-reddit{background-color:#ff4500}.elementor-social-icon-rss{background-color:#f26522}.elementor-social-icon-shopping-cart{background-color:#4caf50}.elementor-social-icon-skype{background-color:#00aff0}.elementor-social-icon-slideshare{background-color:#0077b5}.elementor-social-icon-snapchat{background-color:#fffc00}.elementor-social-icon-soundcloud{background-color:#f80}.elementor-social-icon-spotify{background-color:#2ebd59}.elementor-social-icon-stack-overflow{background-color:#fe7a15}.elementor-social-icon-steam{background-color:#00adee}.elementor-social-icon-stumbleupon{background-color:#eb4924}.elementor-social-icon-telegram{background-color:#2ca5e0}.elementor-social-icon-thumb-tack{background-color:#1aa1d8}.elementor-social-icon-tripadvisor{background-color:#589442}.elementor-social-icon-tumblr{background-color:#35465c}.elementor-social-icon-twitch{background-color:#6441a5}.elementor-social-icon-twitter{background-color:#1da1f2}.elementor-social-icon-viber{background-color:#665cac}.elementor-social-icon-vimeo{background-color:#1ab7ea}.elementor-social-icon-vk{background-color:#45668e}.elementor-social-icon-weibo{background-color:#dd2430}.elementor-social-icon-weixin{background-color:#31a918}.elementor-social-icon-whatsapp{background-color:#25d366}.elementor-social-icon-wordpress{background-color:#21759b}.elementor-social-icon-xing{background-color:#026466}.elementor-social-icon-yelp{background-color:#af0606}.elementor-social-icon-youtube{background-color:#cd201f}.elementor-social-icon-500px{background-color:#0099e5}.elementor-shape-rounded .elementor-icon.elementor-social-icon{border-radius:10%}.elementor-shape-circle .elementor-icon.elementor-social-icon{border-radius:50%}<\/style>\t\t<div class=\"elementor-social-icons-wrapper elementor-grid\">\n\t\t\t\t\t\t\t<span class=\"elementor-grid-item\">\n\t\t\t\t\t<a class=\"elementor-icon elementor-social-icon elementor-social-icon-facebook elementor-repeater-item-0c1e808\" href=\"https:\/\/www.facebook.com\/mariomartinezoficial.es\" target=\"_blank\">\n\t\t\t\t\t\t<span class=\"elementor-screen-only\">Facebook<\/span>\n\t\t\t\t\t\t<i class=\"fab fa-facebook\"><\/i>\t\t\t\t\t<\/a>\n\t\t\t\t<\/span>\n\t\t\t\t\t\t\t<span class=\"elementor-grid-item\">\n\t\t\t\t\t<a class=\"elementor-icon elementor-social-icon elementor-social-icon-twitter elementor-repeater-item-6ec84e4\" href=\"https:\/\/twitter.com\/mariomartinP\" target=\"_blank\">\n\t\t\t\t\t\t<span class=\"elementor-screen-only\">Twitter<\/span>\n\t\t\t\t\t\t<i class=\"fab fa-twitter\"><\/i>\t\t\t\t\t<\/a>\n\t\t\t\t<\/span>\n\t\t\t\t\t\t\t<span class=\"elementor-grid-item\">\n\t\t\t\t\t<a class=\"elementor-icon elementor-social-icon elementor-social-icon-youtube elementor-repeater-item-3f60ecb\" href=\"https:\/\/www.youtube.com\/channel\/UCg2Xvd_WVrXV9Ow2CeeDP5Q\" target=\"_blank\">\n\t\t\t\t\t\t<span class=\"elementor-screen-only\">Youtube<\/span>\n\t\t\t\t\t\t<i class=\"fab fa-youtube\"><\/i>\t\t\t\t\t<\/a>\n\t\t\t\t<\/span>\n\t\t\t\t\t\t\t<span class=\"elementor-grid-item\">\n\t\t\t\t\t<a class=\"elementor-icon elementor-social-icon elementor-social-icon-instagram elementor-repeater-item-b06149a\" href=\"https:\/\/www.instagram.com\/mariomartinp_\/\" target=\"_blank\">\n\t\t\t\t\t\t<span class=\"elementor-screen-only\">Instagram<\/span>\n\t\t\t\t\t\t<i class=\"fab fa-instagram\"><\/i>\t\t\t\t\t<\/a>\n\t\t\t\t<\/span>\n\t\t\t\t\t\t\t<span class=\"elementor-grid-item\">\n\t\t\t\t\t<a class=\"elementor-icon elementor-social-icon elementor-social-icon-spotify elementor-repeater-item-545fd9e\" href=\"https:\/\/open.spotify.com\/artist\/3BiEwSGr0FcN95ngQcBJ2I?si=IhBxoR2TR2CmJH2T0d_QIw\" target=\"_blank\">\n\t\t\t\t\t\t<span class=\"elementor-screen-only\">Spotify<\/span>\n\t\t\t\t\t\t<i class=\"fab fa-spotify\"><\/i>\t\t\t\t\t<\/a>\n\t\t\t\t<\/span>\n\t\t\t\t\t<\/div>\n\t\t\t\t<\/div>\n\t\t\t\t<\/div>\n\t\t\t\t\t<\/div>\n\t\t<\/div>\n\t\t\t\t\t\t\t<\/div>\n\t\t<\/section>\n\t\t\t\t\t\t\t<\/div>\n\t\t","protected":false},"excerpt":{"rendered":"<p>\u00a0 \u00a0 Mario Mart\u00ednez P\u00e9rez naci\u00f3 el 25 de mayo de 1984 en Tarazona, una ciudad de la provincia de Zaragoza, Espa\u00f1a. Hijo de Jos\u00e9 Manuel Mart\u00ednez, m\u00fasico de profesi\u00f3n,<\/p>\n<p class=\"more-link\"><a href=\"https:\/\/mariomartinezoficial.es\/index.php\/biografia\/\" class=\"readmore\">Seguir leyendo<span class=\"screen-reader-text\">Biografia<\/span><\/a><\/p>\n","protected":false},"author":1,"featured_media":412,"parent":0,"menu_order":0,"comment_status":"closed","ping_status":"closed","template":"templates\/full-width-page.php","meta":{"footnotes":""},"class_list":["post-89","page","type-page","status-publish","has-post-thumbnail","hentry"],"_links":{"self":[{"href":"https:\/\/mariomartinezoficial.es\/index.php\/wp-json\/wp\/v2\/pages\/89","targetHints":{"allow":["GET"]}}],"collection":[{"href":"https:\/\/mariomartinezoficial.es\/index.php\/wp-json\/wp\/v2\/pages"}],"about":[{"href":"https:\/\/mariomartinezoficial.es\/index.php\/wp-json\/wp\/v2\/types\/page"}],"author":[{"embeddable":true,"href":"https:\/\/mariomartinezoficial.es\/index.php\/wp-json\/wp\/v2\/users\/1"}],"replies":[{"embeddable":true,"href":"https:\/\/mariomartinezoficial.es\/index.php\/wp-json\/wp\/v2\/comments?post=89"}],"version-history":[{"count":15,"href":"https:\/\/mariomartinezoficial.es\/index.php\/wp-json\/wp\/v2\/pages\/89\/revisions"}],"predecessor-version":[{"id":142,"href":"https:\/\/mariomartinezoficial.es\/index.php\/wp-json\/wp\/v2\/pages\/89\/revisions\/142"}],"wp:featuredmedia":[{"embeddable":true,"href":"https:\/\/mariomartinezoficial.es\/index.php\/wp-json\/wp\/v2\/media\/412"}],"wp:attachment":[{"href":"https:\/\/mariomartinezoficial.es\/index.php\/wp-json\/wp\/v2\/media?parent=89"}],"curies":[{"name":"wp","href":"https:\/\/api.w.org\/{rel}","templated":true}]}}